{"id":10,"date":"2020-01-30T19:16:05","date_gmt":"2020-01-30T19:16:05","guid":{"rendered":"https:\/\/subsign.net\/?page_id=10"},"modified":"2025-11-03T14:04:44","modified_gmt":"2025-11-03T14:04:44","slug":"impressum","status":"publish","type":"page","link":"https:\/\/subsign.net\/?page_id=10","title":{"rendered":"Impressum"},"content":{"rendered":"\n<p>Angaben gem\u00e4\u00df \u00a7\u00a05 TMG:<br> Dies ist die gesch\u00e4ftliche Website von su.b.sign, Susann Brosch<br> Dudenser Str. 15, 31535 Neustadt am R\u00fcbenberge <br>Telefon: +49 (0)5034 &#8211; 870560, Fax: +49 (0)5034 &#8211; 870449<br>E-Mail: <br><img loading=\"lazy\" decoding=\"async\" width=\"180\" height=\"28\" class=\"wp-image-247\" style=\"width: 180px;\" src=\"https:\/\/subsign.net\/wp-content\/uploads\/2022\/02\/E-Mail-subsign.jpg\" alt=\"\" srcset=\"https:\/\/subsign.net\/wp-content\/uploads\/2022\/02\/E-Mail-subsign.jpg 224w, https:\/\/subsign.net\/wp-content\/uploads\/2022\/02\/E-Mail-subsign-92x14.jpg 92w\" sizes=\"auto, (max-width: 180px) 100vw, 180px\" \/><br>Internet: <a href=\"http:\/\/www.subsign.net\/\">https:\/\/subsign.net\/<\/a><\/p>\n\n\n\n<p>Haftungsausschluss:<br><strong>Haftung f\u00fcr Inhalte<\/strong><br>Die Inhalte meiner Seiten wurden mit gr\u00f6\u00dfter Sorgfalt erstellt. F\u00fcr die Richtigkeit, Vollst\u00e4ndigkeit und Aktualit\u00e4t der Inhalte kann ich jedoch keine Gew\u00e4hr \u00fcbernehmen. Als Diensteanbieter bin ich gem\u00e4\u00df \u00a7&nbsp;7 Abs.1 TMG f\u00fcr eigene Inhalte auf diesen Seiten nach den allgemeinen Gesetzen verantwortlich. Nach \u00a7&nbsp;8 bis 10 TMG bin ich als Diensteanbieter jedoch nicht verpflichtet, \u00fcbermittelte oder gespeicherte fremde Informationen zu \u00fcberwachen oder nach Umst\u00e4nden zu forschen, die auf eine rechtswidrige T\u00e4tigkeit hinweisen. Verpflichtungen zur Entfernung oder Sperrung der Nutzung von Informationen nach den allgemeinen Gesetzen bleiben hiervon unber\u00fchrt. Eine diesbez\u00fcgliche Haftung ist jedoch erst ab dem Zeitpunkt der Kenntnis einer konkreten Rechtsverletzung m\u00f6glich. Bei Bekanntwerden von entsprechenden Rechtsverletzungen werde ich diese Inhalte umgehend entfernen.<br><strong>Haftung f\u00fcr Links<\/strong><br>Meine Seiten enthalten Links zu externen Webseiten Dritter, auf deren Inhalte ich keinen Einfluss habe. Deshalb kann ich f\u00fcr diese fremden Inhalte auch keine Gew\u00e4hr \u00fcbernehmen. F\u00fcr die Inhalte der verlinkten Seiten ist stets der jeweilige Anbieter oder Betreiber der Seiten verantwortlich. Die verlinkten Seiten wurden zum Zeitpunkt der Verlinkung auf m\u00f6gliche Rechtsverst\u00f6\u00dfe \u00fcberpr\u00fcft. Rechtswidrige Inhalte waren zum Zeitpunkt der Verlinkung nicht erkennbar. Eine permanente inhaltliche Kontrolle der verlinkten Seiten ist jedoch ohne konkrete Anhaltspunkte einer Rechtsverletzung nicht zumutbar. Bei Bekanntwerden von Rechtsverletzungen werden wir derartige Links umgehend entfernen.<br><strong>Urheberrecht<\/strong><br>Die durch den Seitenbetreiber erstellten Inhalte und Werke auf diesen Seiten unterliegen dem deutschen Urheberrecht. Die Vervielf\u00e4ltigung, Bearbeitung, Verbreitung und jede Art der Verwertung au\u00dferhalb der Grenzen des Urheberrechtes bed\u00fcrfen der schriftlichen Zustimmung vom Betreiber dieser Seiten. Downloads und Kopien dieser Seite sind nicht gestattet. Soweit die Inhalte auf dieser Seite nicht vom Betreiber erstellt wurden, werden die Urheberrechte Dritter beachtet. Insbesondere werden Inhalte Dritter als solche gekennzeichnet. Sollten Sie trotzdem auf eine Urheberrechtsverletzung aufmerksam werden, bitten wir um einen entsprechenden Hinweis. Bei Bekanntwerden von Rechtsverletzungen werden wir derartige Inhalte umgehend entfernen.<br><strong>Datenschutz<\/strong><br>Die Nutzung unserer Webseite ist in der Regel ohne Angabe personenbezogener Daten m\u00f6glich. Soweit auf unseren Seiten personenbezogene Daten (beispielsweise Name, Anschrift oder E-Mail-Adressen) erhoben werden, erfolgt dies, soweit m\u00f6glich, stets auf freiwilliger Basis. Diese Daten werden ohne Ihre ausdr\u00fcckliche Zustimmung nicht an Dritte weitergegeben. Wir weisen darauf hin, dass die Daten\u00fcbertragung im Internet (z.&nbsp;B. bei der Kommunikation per E-Mail) Sicherheitsl\u00fccken aufweisen kann. Ein l\u00fcckenloser Schutz der Daten vor dem Zugriff durch Dritte ist nicht m\u00f6glich. Der Nutzung von im Rahmen der Impressumspflicht ver\u00f6ffentlichten Kontaktdaten durch Dritte zur \u00dcbersendung von nicht ausdr\u00fccklich angeforderter Werbung und Informationsmaterialien wird hiermit ausdr\u00fccklich widersprochen. Der Betreiber der Seiten beh\u00e4lt sich ausdr\u00fccklich rechtliche Schritte im Falle der unverlangten Zusendung von Werbeinformationen, etwa durch Spam-Mails, vor.&nbsp;<br>Quelle: Disclaimer von eRecht24, dem Portal zum Internetrecht von Rechtsanwalt S\u00f6ren Siebert.<\/p>\n\n\n\n<p><\/p>\n","protected":false},"excerpt":{"rendered":"<p>Angaben gem\u00e4\u00df \u00a7\u00a05 TMG: Dies ist die gesch\u00e4ftliche Website von su.b.sign, Susann Brosch Dudenser Str. 15, 31535 Neustadt am R\u00fcbenberge Telefon: +49 (0)5034 &#8211; 870560, Fax: +49 (0)5034 &#8211; 870449E-Mail: Internet: https:\/\/subsign.net\/ Haftungsausschluss:Haftung f\u00fcr InhalteDie Inhalte meiner Seiten wurden mit gr\u00f6\u00dfter Sorgfalt erstellt. F\u00fcr die Richtigkeit, Vollst\u00e4ndigkeit und Aktualit\u00e4t der Inhalte kann ich jedoch keine&hellip; <a class=\"more-link\" href=\"https:\/\/subsign.net\/?page_id=10\"><span class=\"screen-reader-text\">Impressum<\/span> weiterlesen<\/a><\/p>\n","protected":false},"author":1,"featured_media":0,"parent":0,"menu_order":0,"comment_status":"closed","ping_status":"closed","template":"","meta":{"footnotes":""},"class_list":["post-10","page","type-page","status-publish","hentry","entry"],"_links":{"self":[{"href":"https:\/\/subsign.net\/index.php?rest_route=\/wp\/v2\/pages\/10","targetHints":{"allow":["GET"]}}],"collection":[{"href":"https:\/\/subsign.net\/index.php?rest_route=\/wp\/v2\/pages"}],"about":[{"href":"https:\/\/subsign.net\/index.php?rest_route=\/wp\/v2\/types\/page"}],"author":[{"embeddable":true,"href":"https:\/\/subsign.net\/index.php?rest_route=\/wp\/v2\/users\/1"}],"replies":[{"embeddable":true,"href":"https:\/\/subsign.net\/index.php?rest_route=%2Fwp%2Fv2%2Fcomments&post=10"}],"version-history":[{"count":15,"href":"https:\/\/subsign.net\/index.php?rest_route=\/wp\/v2\/pages\/10\/revisions"}],"predecessor-version":[{"id":357,"href":"https:\/\/subsign.net\/index.php?rest_route=\/wp\/v2\/pages\/10\/revisions\/357"}],"wp:attachment":[{"href":"https:\/\/subsign.net\/index.php?rest_route=%2Fwp%2Fv2%2Fmedia&parent=10"}],"curies":[{"name":"wp","href":"https:\/\/api.w.org\/{rel}","templated":true}]}}