{"id":4,"date":"2020-01-30T19:09:53","date_gmt":"2020-01-30T19:09:53","guid":{"rendered":"https:\/\/subsign.net\/willkommen-auf-https-subsign-net"},"modified":"2025-11-03T14:07:32","modified_gmt":"2025-11-03T14:07:32","slug":"willkommen-auf-https-subsign-net","status":"publish","type":"page","link":"https:\/\/subsign.net\/","title":{"rendered":"Willkommen auf https:\/\/subsign.net"},"content":{"rendered":"\n<h2 class=\"wp-block-heading\" id=\"herzlich-willkommen\"><strong>Herzlich willkommen!<\/strong><\/h2>\n\n\n<div class=\"wp-block-image\">\n<figure class=\"alignleft size-large is-resized\"><img loading=\"lazy\" decoding=\"async\" width=\"1024\" height=\"931\" src=\"https:\/\/subsign.net\/wp-content\/uploads\/2020\/03\/subsign-signet-1024x931.png\" alt=\"\" class=\"wp-image-66\" style=\"width:124px;height:113px\" srcset=\"https:\/\/subsign.net\/wp-content\/uploads\/2020\/03\/subsign-signet-1024x931.png 1024w, https:\/\/subsign.net\/wp-content\/uploads\/2020\/03\/subsign-signet-300x273.png 300w, https:\/\/subsign.net\/wp-content\/uploads\/2020\/03\/subsign-signet-768x698.png 768w, https:\/\/subsign.net\/wp-content\/uploads\/2020\/03\/subsign-signet-550x500.png 550w, https:\/\/subsign.net\/wp-content\/uploads\/2020\/03\/subsign-signet-275x250.png 275w, https:\/\/subsign.net\/wp-content\/uploads\/2020\/03\/subsign-signet-92x84.png 92w, https:\/\/subsign.net\/wp-content\/uploads\/2020\/03\/subsign-signet.png 1240w\" sizes=\"auto, (max-width: 1024px) 100vw, 1024px\" \/><\/figure>\n<\/div>\n\n\n<p>Hinter su.b.sign steht eine passionierte Grafikdesignerin und Fotografin.<br>Vor 35 Jahren machte ich den Schritt in die Selbstst\u00e4ndigkeit. Das Vorbereiten, Ausf\u00fchren und Leiten von Projekten im Bereich Layout, Reinzeichnung und digitale Verarbeitung geh\u00f6rt zu meinem Aufgabenfeld. Dabei war die Ausbildung zur Druckvorlagenherstellerin und die folgenden Praxis-Jahre in den Werbeagenturen \u00e4u\u00dferst hilfreich. Im anschlie\u00dfenden Studium zur Kommunikations-Designerin habe ich mein Know-how vertieft. Inzwischen liegt der Schwerpunkt von su.b.sign auf der individuellen Gestaltung im Print- und Custom-Design. <br>Wenn Sie auf der Suche nach einem sehr pers\u00f6nlichen Design sind, dann nehmen Sie Kontakt mit mir auf.<\/p>\n\n\n\n<p>Des Weiteren bin ich freie Mitarbeiterin bei zwei Zeitungen in Neustadt am R\u00fcbenberge. Artikel zu schreiben und mit eigenen Fotos zu bereichern, bereitet mir viel Freude.<\/p>\n\n\n\n<p>Ich hoffe, ich habe Sie neugierig gemacht und w\u00fcnsche Ihnen viel Freude beim St\u00f6bern.<\/p>\n","protected":false},"excerpt":{"rendered":"<p>Herzlich willkommen! Hinter su.b.sign steht eine passionierte Grafikdesignerin und Fotografin.Vor 35 Jahren machte ich den Schritt in die Selbstst\u00e4ndigkeit. Das Vorbereiten, Ausf\u00fchren und Leiten von Projekten im Bereich Layout, Reinzeichnung und digitale Verarbeitung geh\u00f6rt zu meinem Aufgabenfeld. Dabei war die Ausbildung zur Druckvorlagenherstellerin und die folgenden Praxis-Jahre in den Werbeagenturen \u00e4u\u00dferst hilfreich. Im anschlie\u00dfenden Studium&hellip; <a class=\"more-link\" href=\"https:\/\/subsign.net\/\"><span class=\"screen-reader-text\">Willkommen auf https:\/\/subsign.net<\/span> weiterlesen<\/a><\/p>\n","protected":false},"author":1,"featured_media":0,"parent":0,"menu_order":0,"comment_status":"closed","ping_status":"open","template":"","meta":{"footnotes":""},"class_list":["post-4","page","type-page","status-publish","hentry","entry"],"_links":{"self":[{"href":"https:\/\/subsign.net\/index.php?rest_route=\/wp\/v2\/pages\/4","targetHints":{"allow":["GET"]}}],"collection":[{"href":"https:\/\/subsign.net\/index.php?rest_route=\/wp\/v2\/pages"}],"about":[{"href":"https:\/\/subsign.net\/index.php?rest_route=\/wp\/v2\/types\/page"}],"author":[{"embeddable":true,"href":"https:\/\/subsign.net\/index.php?rest_route=\/wp\/v2\/users\/1"}],"replies":[{"embeddable":true,"href":"https:\/\/subsign.net\/index.php?rest_route=%2Fwp%2Fv2%2Fcomments&post=4"}],"version-history":[{"count":14,"href":"https:\/\/subsign.net\/index.php?rest_route=\/wp\/v2\/pages\/4\/revisions"}],"predecessor-version":[{"id":371,"href":"https:\/\/subsign.net\/index.php?rest_route=\/wp\/v2\/pages\/4\/revisions\/371"}],"wp:attachment":[{"href":"https:\/\/subsign.net\/index.php?rest_route=%2Fwp%2Fv2%2Fmedia&parent=4"}],"curies":[{"name":"wp","href":"https:\/\/api.w.org\/{rel}","templated":true}]}}